{"id":6288,"date":"2024-08-17T02:26:51","date_gmt":"2024-08-17T02:26:51","guid":{"rendered":"https:\/\/ipialesdelsur.com\/?post_type=product&#038;p=6288"},"modified":"2024-09-13T13:39:41","modified_gmt":"2024-09-13T13:39:41","slug":"local-78","status":"publish","type":"product","link":"https:\/\/ipialesdelsur.com\/en\/product\/local-78\/","title":{"rendered":"-Local de Chompas y Calentadores para Ni\u00f1o y Adulto"},"content":{"rendered":"<p>Con dos d\u00e9cadas de experiencia en el centro comercial Ipiales, Ropa Blanca Tene se ha consolidado como un l\u00edder en la moda nacional. Nos especializamos en la venta de chompas, calentadores y sacos, ofreciendo opciones tanto para ni\u00f1os como para adultos. Cada uno de nuestros productos es elaborado con la mejor producci\u00f3n nacional, garantizando no solo calidad, sino tambi\u00e9n una excelente relaci\u00f3n entre confort y estilo.<\/p>\n<p>Nuestra tienda se distingue por su compromiso con la alta calidad en cada prenda que ofrecemos. Nos aseguramos de que cada chompa, calentador y saco cumpla con los m\u00e1s altos est\u00e1ndares de durabilidad y comodidad, adapt\u00e1ndose a las necesidades y preferencias de cada miembro de la familia. En Ropa Blanca Tene, entendemos que la moda es una forma de expresi\u00f3n personal y, por eso, nuestras colecciones est\u00e1n dise\u00f1adas para combinar a la perfecci\u00f3n con cualquier ocasi\u00f3n.<\/p>\n<p>El equipo de Ropa Blanca Tene est\u00e1 siempre dispuesto a ofrecerte un servicio personalizado. Nuestro objetivo es ayudarte a encontrar la prenda ideal que se ajuste a tu estilo y necesidades. Nos enorgullece ofrecer una experiencia de compra que va m\u00e1s all\u00e1 de lo convencional, proporcionando asesoramiento experto y un ambiente acogedor.<\/p>\n<p>Invitamos a todos a visitar nuestra tienda y explorar la amplia variedad de opciones disponibles. Ya sea que busques algo casual para el d\u00eda a d\u00eda o una prenda especial para un evento, en Ropa Blanca Tene encontrar\u00e1s lo que necesitas. Ven y descubre por qu\u00e9 somos el destino preferido para quienes buscan moda de calidad y estilo para toda la familia. \u00a1Te esperamos con las mejores prendas y un servicio excepcional!<\/p>\n<p>&nbsp;<\/p>","protected":false},"excerpt":{"rendered":"<p>Con 20 a\u00f1os en el centro comercial Ipiales, Ropa Blanca Tene ofrece chompas, calentadores y sacos para ni\u00f1os y adultos, todos de producci\u00f3n nacional. Nos destacamos por nuestra alta calidad, comodidad y estilo en cada prenda. Encuentra la opci\u00f3n perfecta para cada ocasi\u00f3n y toda la familia. \u00a1Vis\u00edtanos y descubre lo que tenemos para ti!<\/p>","protected":false},"featured_media":10221,"comment_status":"open","ping_status":"closed","template":"","meta":[],"product_cat":[62],"product_tag":[],"genre":[],"class_list":{"0":"post-6288","1":"product","2":"type-product","3":"status-publish","4":"has-post-thumbnail","6":"product_cat-locales","8":"first","9":"instock","10":"shipping-taxable","11":"product-type-simple","12":"add-to-wishlist-after_add_to_cart"},"jetpack_sharing_enabled":true,"_links":{"self":[{"href":"https:\/\/ipialesdelsur.com\/en\/wp-json\/wp\/v2\/product\/6288","targetHints":{"allow":["GET"]}}],"collection":[{"href":"https:\/\/ipialesdelsur.com\/en\/wp-json\/wp\/v2\/product"}],"about":[{"href":"https:\/\/ipialesdelsur.com\/en\/wp-json\/wp\/v2\/types\/product"}],"replies":[{"embeddable":true,"href":"https:\/\/ipialesdelsur.com\/en\/wp-json\/wp\/v2\/comments?post=6288"}],"version-history":[{"count":3,"href":"https:\/\/ipialesdelsur.com\/en\/wp-json\/wp\/v2\/product\/6288\/revisions"}],"predecessor-version":[{"id":11558,"href":"https:\/\/ipialesdelsur.com\/en\/wp-json\/wp\/v2\/product\/6288\/revisions\/11558"}],"wp:featuredmedia":[{"embeddable":true,"href":"https:\/\/ipialesdelsur.com\/en\/wp-json\/wp\/v2\/media\/10221"}],"wp:attachment":[{"href":"https:\/\/ipialesdelsur.com\/en\/wp-json\/wp\/v2\/media?parent=6288"}],"wp:term":[{"taxonomy":"product_cat","embeddable":true,"href":"https:\/\/ipialesdelsur.com\/en\/wp-json\/wp\/v2\/product_cat?post=6288"},{"taxonomy":"product_tag","embeddable":true,"href":"https:\/\/ipialesdelsur.com\/en\/wp-json\/wp\/v2\/product_tag?post=6288"},{"taxonomy":"product_brand","embeddable":true,"href":"https:\/\/ipialesdelsur.com\/en\/wp-json\/wp\/v2\/genre?post=6288"}],"curies":[{"name":"wp","href":"https:\/\/api.w.org\/{rel}","templated":true}]}}