{"id":6289,"date":"2024-08-17T02:26:44","date_gmt":"2024-08-17T02:26:44","guid":{"rendered":"https:\/\/ipialesdelsur.com\/?post_type=product&#038;p=6289"},"modified":"2024-09-13T13:45:18","modified_gmt":"2024-09-13T13:45:18","slug":"local-79","status":"publish","type":"product","link":"https:\/\/ipialesdelsur.com\/en\/product\/local-79\/","title":{"rendered":"-Local de Calentadores, Chompas, Billeteras y Correas"},"content":{"rendered":"<p>Con una s\u00f3lida trayectoria de 20 a\u00f1os en el centro comercial Ipiales, Ropa Petrona Guam\u00e1n se ha consolidado como un referente en la moda y los accesorios de alta calidad. Nos especializamos en una variada gama de productos, que incluye calentadores, chompas, billeteras y correas, todos dise\u00f1ados para ofrecerte lo mejor en durabilidad y estilo.<\/p>\n<p>Nuestro compromiso con la excelencia se refleja en cada prenda y accesorio que ofrecemos. Cada calentador y chompa est\u00e1 confeccionado con materiales que garantizan confort y resistencia, mientras que nuestras billeteras y correas destacan por su elegancia y funcionalidad. Nos aseguramos de que cada producto cumpla con los m\u00e1s altos est\u00e1ndares de calidad para que puedas disfrutar de una prenda que no solo te haga lucir bien, sino que tambi\u00e9n te acompa\u00f1e a lo largo del tiempo.<\/p>\n<p>En Ropa Petrona Guam\u00e1n, entendemos la importancia de contar con accesorios y prendas que complementen tu vestuario de manera vers\u00e1til y sofisticada. Por eso, nos esforzamos por ofrecerte opciones que se adapten a diversas ocasiones, desde el uso diario hasta eventos especiales.<\/p>\n<p>Nuestro equipo de expertos est\u00e1 siempre a tu disposici\u00f3n para brindarte un servicio personalizado y ayudarte a encontrar exactamente lo que necesitas. Valoramos tu confianza y nos dedicamos a ofrecerte una experiencia de compra agradable y satisfactoria.<\/p>\n<p>Te invitamos a visitarnos y descubrir por ti mismo la dedicaci\u00f3n y pasi\u00f3n que ponemos en cada detalle. En Ropa Petrona Guam\u00e1n, estamos comprometidos en ofrecerte lo mejor para que cada prenda y accesorio que elijas supere tus expectativas. \u00a1Te esperamos para que formes parte de nuestra historia de calidad y estilo!<\/p>","protected":false},"excerpt":{"rendered":"<p>Con 20 a\u00f1os en el centro comercial Ipiales, Ropa Petrona Guam\u00e1n se especializa en calentadores, chompas, billeteras y correas de alta calidad. Nuestros productos destacan por su durabilidad y estilo, perfectos para complementar tu vestuario. Vis\u00edtanos y descubre la dedicaci\u00f3n y experiencia que ponemos en cada prenda y accesorio.<\/p>","protected":false},"featured_media":10221,"comment_status":"open","ping_status":"closed","template":"","meta":[],"product_cat":[62],"product_tag":[],"genre":[],"class_list":{"0":"post-6289","1":"product","2":"type-product","3":"status-publish","4":"has-post-thumbnail","6":"product_cat-locales","8":"first","9":"instock","10":"shipping-taxable","11":"product-type-simple","12":"add-to-wishlist-after_add_to_cart"},"jetpack_sharing_enabled":true,"_links":{"self":[{"href":"https:\/\/ipialesdelsur.com\/en\/wp-json\/wp\/v2\/product\/6289","targetHints":{"allow":["GET"]}}],"collection":[{"href":"https:\/\/ipialesdelsur.com\/en\/wp-json\/wp\/v2\/product"}],"about":[{"href":"https:\/\/ipialesdelsur.com\/en\/wp-json\/wp\/v2\/types\/product"}],"replies":[{"embeddable":true,"href":"https:\/\/ipialesdelsur.com\/en\/wp-json\/wp\/v2\/comments?post=6289"}],"version-history":[{"count":3,"href":"https:\/\/ipialesdelsur.com\/en\/wp-json\/wp\/v2\/product\/6289\/revisions"}],"predecessor-version":[{"id":11560,"href":"https:\/\/ipialesdelsur.com\/en\/wp-json\/wp\/v2\/product\/6289\/revisions\/11560"}],"wp:featuredmedia":[{"embeddable":true,"href":"https:\/\/ipialesdelsur.com\/en\/wp-json\/wp\/v2\/media\/10221"}],"wp:attachment":[{"href":"https:\/\/ipialesdelsur.com\/en\/wp-json\/wp\/v2\/media?parent=6289"}],"wp:term":[{"taxonomy":"product_cat","embeddable":true,"href":"https:\/\/ipialesdelsur.com\/en\/wp-json\/wp\/v2\/product_cat?post=6289"},{"taxonomy":"product_tag","embeddable":true,"href":"https:\/\/ipialesdelsur.com\/en\/wp-json\/wp\/v2\/product_tag?post=6289"},{"taxonomy":"product_brand","embeddable":true,"href":"https:\/\/ipialesdelsur.com\/en\/wp-json\/wp\/v2\/genre?post=6289"}],"curies":[{"name":"wp","href":"https:\/\/api.w.org\/{rel}","templated":true}]}}