{"id":6296,"date":"2024-08-17T02:30:17","date_gmt":"2024-08-17T02:30:17","guid":{"rendered":"https:\/\/ipialesdelsur.com\/?post_type=product&#038;p=6296"},"modified":"2024-09-12T14:02:13","modified_gmt":"2024-09-12T14:02:13","slug":"local-88","status":"publish","type":"product","link":"https:\/\/ipialesdelsur.com\/en\/product\/local-88\/","title":{"rendered":"Local 88"},"content":{"rendered":"<p><strong>Propietaria:<\/strong> In\u00e9s Flores<br \/>\n<strong>Contacto:<\/strong> 0968625049<\/p>\n<p><strong>Descripci\u00f3n del Local:<\/strong><br \/>\nCon 20 a\u00f1os de experiencia en el centro comercial Ipiales, Variedades Inesita se especializa en la venta de pijamas para mujer y ropa t\u00e9rmica. Ofrecemos productos de alta calidad que combinan confort y calidez para enfrentar cualquier estaci\u00f3n del a\u00f1o. Ven y descubre nuestra selecci\u00f3n para mantenerte c\u00f3moda y estilizada.<\/p>","protected":false},"excerpt":{"rendered":"<p>Propietaria: In\u00e9s Flores Contacto: 0968625049 Descripci\u00f3n del Local: Con 20 a\u00f1os de experiencia en el centro comercial Ipiales, Variedades Inesita se especializa en la venta de pijamas para mujer y ropa t\u00e9rmica. Ofrecemos productos de alta calidad que combinan confort y calidez para enfrentar cualquier estaci\u00f3n del a\u00f1o. Ven y descubre nuestra selecci\u00f3n para mantenerte [&hellip;]<\/p>","protected":false},"featured_media":11552,"comment_status":"open","ping_status":"closed","template":"","meta":[],"product_cat":[62],"product_tag":[],"genre":[],"class_list":{"0":"post-6296","1":"product","2":"type-product","3":"status-publish","4":"has-post-thumbnail","6":"product_cat-locales","8":"first","9":"instock","10":"shipping-taxable","11":"product-type-simple","12":"add-to-wishlist-after_add_to_cart"},"jetpack_sharing_enabled":true,"_links":{"self":[{"href":"https:\/\/ipialesdelsur.com\/en\/wp-json\/wp\/v2\/product\/6296","targetHints":{"allow":["GET"]}}],"collection":[{"href":"https:\/\/ipialesdelsur.com\/en\/wp-json\/wp\/v2\/product"}],"about":[{"href":"https:\/\/ipialesdelsur.com\/en\/wp-json\/wp\/v2\/types\/product"}],"replies":[{"embeddable":true,"href":"https:\/\/ipialesdelsur.com\/en\/wp-json\/wp\/v2\/comments?post=6296"}],"version-history":[{"count":1,"href":"https:\/\/ipialesdelsur.com\/en\/wp-json\/wp\/v2\/product\/6296\/revisions"}],"predecessor-version":[{"id":11553,"href":"https:\/\/ipialesdelsur.com\/en\/wp-json\/wp\/v2\/product\/6296\/revisions\/11553"}],"wp:featuredmedia":[{"embeddable":true,"href":"https:\/\/ipialesdelsur.com\/en\/wp-json\/wp\/v2\/media\/11552"}],"wp:attachment":[{"href":"https:\/\/ipialesdelsur.com\/en\/wp-json\/wp\/v2\/media?parent=6296"}],"wp:term":[{"taxonomy":"product_cat","embeddable":true,"href":"https:\/\/ipialesdelsur.com\/en\/wp-json\/wp\/v2\/product_cat?post=6296"},{"taxonomy":"product_tag","embeddable":true,"href":"https:\/\/ipialesdelsur.com\/en\/wp-json\/wp\/v2\/product_tag?post=6296"},{"taxonomy":"product_brand","embeddable":true,"href":"https:\/\/ipialesdelsur.com\/en\/wp-json\/wp\/v2\/genre?post=6296"}],"curies":[{"name":"wp","href":"https:\/\/api.w.org\/{rel}","templated":true}]}}