{"id":6747,"date":"2024-08-21T03:58:09","date_gmt":"2024-08-21T03:58:09","guid":{"rendered":"https:\/\/ipialesdelsur.com\/?post_type=product&#038;p=6747"},"modified":"2024-08-21T03:58:29","modified_gmt":"2024-08-21T03:58:29","slug":"mochila","status":"publish","type":"product","link":"https:\/\/ipialesdelsur.com\/en\/product\/mochila\/","title":{"rendered":"Mochila"},"content":{"rendered":"<p>Prep\u00e1rate para cualquier desaf\u00edo con nuestra mochila militar de alta resistencia. Dise\u00f1ada para soportar condiciones extremas, esta mochila ofrece un amplio espacio de almacenamiento, m\u00faltiples compartimentos y un dise\u00f1o ergon\u00f3mico para tu comodidad. Ideal para aventuras al aire libre, viajes y uso diario, es la elecci\u00f3n perfecta para quienes buscan durabilidad y funcionalidad.<\/p>","protected":false},"excerpt":{"rendered":"<p>Prep\u00e1rate para cualquier desaf\u00edo con nuestra mochila militar de alta resistencia. Dise\u00f1ada para soportar condiciones extremas, esta mochila ofrece un amplio espacio de almacenamiento, m\u00faltiples compartimentos y un dise\u00f1o ergon\u00f3mico para tu comodidad. Ideal para aventuras al aire libre, viajes y uso diario, es la elecci\u00f3n perfecta para quienes buscan durabilidad y funcionalidad.<\/p>","protected":false},"featured_media":6749,"comment_status":"open","ping_status":"closed","template":"","meta":[],"product_cat":[104],"product_tag":[],"genre":[],"class_list":{"0":"post-6747","1":"product","2":"type-product","3":"status-publish","4":"has-post-thumbnail","6":"product_cat-mochilas","8":"first","9":"instock","10":"shipping-taxable","11":"purchasable","12":"product-type-simple","13":"add-to-wishlist-after_add_to_cart"},"jetpack_sharing_enabled":true,"_links":{"self":[{"href":"https:\/\/ipialesdelsur.com\/en\/wp-json\/wp\/v2\/product\/6747","targetHints":{"allow":["GET"]}}],"collection":[{"href":"https:\/\/ipialesdelsur.com\/en\/wp-json\/wp\/v2\/product"}],"about":[{"href":"https:\/\/ipialesdelsur.com\/en\/wp-json\/wp\/v2\/types\/product"}],"replies":[{"embeddable":true,"href":"https:\/\/ipialesdelsur.com\/en\/wp-json\/wp\/v2\/comments?post=6747"}],"version-history":[{"count":0,"href":"https:\/\/ipialesdelsur.com\/en\/wp-json\/wp\/v2\/product\/6747\/revisions"}],"wp:featuredmedia":[{"embeddable":true,"href":"https:\/\/ipialesdelsur.com\/en\/wp-json\/wp\/v2\/media\/6749"}],"wp:attachment":[{"href":"https:\/\/ipialesdelsur.com\/en\/wp-json\/wp\/v2\/media?parent=6747"}],"wp:term":[{"taxonomy":"product_cat","embeddable":true,"href":"https:\/\/ipialesdelsur.com\/en\/wp-json\/wp\/v2\/product_cat?post=6747"},{"taxonomy":"product_tag","embeddable":true,"href":"https:\/\/ipialesdelsur.com\/en\/wp-json\/wp\/v2\/product_tag?post=6747"},{"taxonomy":"product_brand","embeddable":true,"href":"https:\/\/ipialesdelsur.com\/en\/wp-json\/wp\/v2\/genre?post=6747"}],"curies":[{"name":"wp","href":"https:\/\/api.w.org\/{rel}","templated":true}]}}