{"id":6754,"date":"2024-08-21T04:01:30","date_gmt":"2024-08-21T04:01:30","guid":{"rendered":"https:\/\/ipialesdelsur.com\/?post_type=product&#038;p=6754"},"modified":"2024-08-21T04:02:45","modified_gmt":"2024-08-21T04:02:45","slug":"jean-masculino-femenino","status":"publish","type":"product","link":"https:\/\/ipialesdelsur.com\/en\/product\/jean-masculino-femenino\/","title":{"rendered":"Jean Masculino-Femenino"},"content":{"rendered":"<p>Renueva tu armario con nuestro jean cl\u00e1sico. Con un corte moderno y un ajuste perfecto, este jean ofrece comodidad y estilo en cualquier ocasi\u00f3n. Fabricado con materiales de alta calidad, es resistente y f\u00e1cil de combinar con cualquier prenda. Ideal para el d\u00eda a d\u00eda, este jean es una elecci\u00f3n imprescindible para un look casual y sofisticado.<\/p>\n<p>&nbsp;<\/p>","protected":false},"excerpt":{"rendered":"<p>Renueva tu armario con nuestro jean cl\u00e1sico. Con un corte moderno y un ajuste perfecto, este jean ofrece comodidad y estilo en cualquier ocasi\u00f3n. Fabricado con materiales de alta calidad, es resistente y f\u00e1cil de combinar con cualquier prenda. Ideal para el d\u00eda a d\u00eda, este jean es una elecci\u00f3n imprescindible para un look casual [&hellip;]<\/p>","protected":false},"featured_media":6761,"comment_status":"open","ping_status":"closed","template":"","meta":[],"product_cat":[97],"product_tag":[],"genre":[],"class_list":{"0":"post-6754","1":"product","2":"type-product","3":"status-publish","4":"has-post-thumbnail","6":"product_cat-jeans","8":"first","9":"instock","10":"shipping-taxable","11":"purchasable","12":"product-type-simple","13":"add-to-wishlist-after_add_to_cart"},"jetpack_sharing_enabled":true,"_links":{"self":[{"href":"https:\/\/ipialesdelsur.com\/en\/wp-json\/wp\/v2\/product\/6754","targetHints":{"allow":["GET"]}}],"collection":[{"href":"https:\/\/ipialesdelsur.com\/en\/wp-json\/wp\/v2\/product"}],"about":[{"href":"https:\/\/ipialesdelsur.com\/en\/wp-json\/wp\/v2\/types\/product"}],"replies":[{"embeddable":true,"href":"https:\/\/ipialesdelsur.com\/en\/wp-json\/wp\/v2\/comments?post=6754"}],"version-history":[{"count":0,"href":"https:\/\/ipialesdelsur.com\/en\/wp-json\/wp\/v2\/product\/6754\/revisions"}],"wp:featuredmedia":[{"embeddable":true,"href":"https:\/\/ipialesdelsur.com\/en\/wp-json\/wp\/v2\/media\/6761"}],"wp:attachment":[{"href":"https:\/\/ipialesdelsur.com\/en\/wp-json\/wp\/v2\/media?parent=6754"}],"wp:term":[{"taxonomy":"product_cat","embeddable":true,"href":"https:\/\/ipialesdelsur.com\/en\/wp-json\/wp\/v2\/product_cat?post=6754"},{"taxonomy":"product_tag","embeddable":true,"href":"https:\/\/ipialesdelsur.com\/en\/wp-json\/wp\/v2\/product_tag?post=6754"},{"taxonomy":"product_brand","embeddable":true,"href":"https:\/\/ipialesdelsur.com\/en\/wp-json\/wp\/v2\/genre?post=6754"}],"curies":[{"name":"wp","href":"https:\/\/api.w.org\/{rel}","templated":true}]}}