{"id":6788,"date":"2024-08-21T04:11:05","date_gmt":"2024-08-21T04:11:05","guid":{"rendered":"https:\/\/ipialesdelsur.com\/?post_type=product&#038;p=6788"},"modified":"2024-08-21T04:11:26","modified_gmt":"2024-08-21T04:11:26","slug":"buzo","status":"publish","type":"product","link":"https:\/\/ipialesdelsur.com\/en\/product\/buzo\/","title":{"rendered":"Buzo"},"content":{"rendered":"<p>A\u00f1ade un toque de confort y estilo a tu colecci\u00f3n con nuestro buzo. Confeccionado en materiales suaves y c\u00e1lidos, es perfecto para esos d\u00edas frescos o para relajarte en casa. Su dise\u00f1o moderno y vers\u00e1til se adapta a cualquier ocasi\u00f3n, haciendo de este buzo una pieza esencial para tu guardarropa.<\/p>\n<p>&nbsp;<\/p>","protected":false},"excerpt":{"rendered":"<p>A\u00f1ade un toque de confort y estilo a tu colecci\u00f3n con nuestro buzo. Confeccionado en materiales suaves y c\u00e1lidos, es perfecto para esos d\u00edas frescos o para relajarte en casa. Su dise\u00f1o moderno y vers\u00e1til se adapta a cualquier ocasi\u00f3n, haciendo de este buzo una pieza esencial para tu guardarropa. &nbsp;<\/p>","protected":false},"featured_media":6789,"comment_status":"open","ping_status":"closed","template":"","meta":[],"product_cat":[125],"product_tag":[],"genre":[],"class_list":{"0":"post-6788","1":"product","2":"type-product","3":"status-publish","4":"has-post-thumbnail","6":"product_cat-sacos","8":"first","9":"instock","10":"shipping-taxable","11":"purchasable","12":"product-type-simple","13":"add-to-wishlist-after_add_to_cart"},"jetpack_sharing_enabled":true,"_links":{"self":[{"href":"https:\/\/ipialesdelsur.com\/en\/wp-json\/wp\/v2\/product\/6788","targetHints":{"allow":["GET"]}}],"collection":[{"href":"https:\/\/ipialesdelsur.com\/en\/wp-json\/wp\/v2\/product"}],"about":[{"href":"https:\/\/ipialesdelsur.com\/en\/wp-json\/wp\/v2\/types\/product"}],"replies":[{"embeddable":true,"href":"https:\/\/ipialesdelsur.com\/en\/wp-json\/wp\/v2\/comments?post=6788"}],"version-history":[{"count":0,"href":"https:\/\/ipialesdelsur.com\/en\/wp-json\/wp\/v2\/product\/6788\/revisions"}],"wp:featuredmedia":[{"embeddable":true,"href":"https:\/\/ipialesdelsur.com\/en\/wp-json\/wp\/v2\/media\/6789"}],"wp:attachment":[{"href":"https:\/\/ipialesdelsur.com\/en\/wp-json\/wp\/v2\/media?parent=6788"}],"wp:term":[{"taxonomy":"product_cat","embeddable":true,"href":"https:\/\/ipialesdelsur.com\/en\/wp-json\/wp\/v2\/product_cat?post=6788"},{"taxonomy":"product_tag","embeddable":true,"href":"https:\/\/ipialesdelsur.com\/en\/wp-json\/wp\/v2\/product_tag?post=6788"},{"taxonomy":"product_brand","embeddable":true,"href":"https:\/\/ipialesdelsur.com\/en\/wp-json\/wp\/v2\/genre?post=6788"}],"curies":[{"name":"wp","href":"https:\/\/api.w.org\/{rel}","templated":true}]}}