{"id":7590,"date":"2024-08-28T02:36:35","date_gmt":"2024-08-28T02:36:35","guid":{"rendered":"https:\/\/ipialesdelsur.com\/?post_type=product&#038;p=7590"},"modified":"2024-08-28T02:36:50","modified_gmt":"2024-08-28T02:36:50","slug":"zapatillas-unisex-2","status":"publish","type":"product","link":"https:\/\/ipialesdelsur.com\/en\/product\/zapatillas-unisex-2\/","title":{"rendered":"Zapatillas unisex"},"content":{"rendered":"<div class=\"flex max-w-full flex-col flex-grow\">\n<div class=\"min-h-[20px] text-message flex w-full flex-col items-end gap-2 break-words [.text-message+&amp;]:mt-5 overflow-x-auto whitespace-normal\" dir=\"auto\" data-message-author-role=\"assistant\" data-message-id=\"e3f3c89c-a3ba-43e4-8521-133b4a84b294\">\n<div class=\"flex w-full flex-col gap-1 empty:hidden first:pt-[3px]\">\n<div class=\"markdown prose w-full break-words dark:prose-invert dark\">\n<p>Las zapatillas unisex son vers\u00e1tiles y c\u00f3modas, dise\u00f1adas para adaptarse a cualquier estilo. Con un dise\u00f1o moderno y neutro, ofrecen una combinaci\u00f3n perfecta de funcionalidad y moda, adecuadas para todos y para cualquier ocasi\u00f3n casual.<\/p>\n<\/div>\n<\/div>\n<\/div>\n<\/div>","protected":false},"excerpt":{"rendered":"<p>Zapatillas unisex de variedad de tallas, estilos y colores<\/p>","protected":false},"featured_media":7592,"comment_status":"open","ping_status":"closed","template":"","meta":[],"product_cat":[66],"product_tag":[],"genre":[],"class_list":{"0":"post-7590","1":"product","2":"type-product","3":"status-publish","4":"has-post-thumbnail","6":"product_cat-calzado","8":"first","9":"instock","10":"sale","11":"shipping-taxable","12":"purchasable","13":"product-type-simple","14":"add-to-wishlist-after_add_to_cart"},"jetpack_sharing_enabled":true,"_links":{"self":[{"href":"https:\/\/ipialesdelsur.com\/en\/wp-json\/wp\/v2\/product\/7590","targetHints":{"allow":["GET"]}}],"collection":[{"href":"https:\/\/ipialesdelsur.com\/en\/wp-json\/wp\/v2\/product"}],"about":[{"href":"https:\/\/ipialesdelsur.com\/en\/wp-json\/wp\/v2\/types\/product"}],"replies":[{"embeddable":true,"href":"https:\/\/ipialesdelsur.com\/en\/wp-json\/wp\/v2\/comments?post=7590"}],"version-history":[{"count":0,"href":"https:\/\/ipialesdelsur.com\/en\/wp-json\/wp\/v2\/product\/7590\/revisions"}],"wp:featuredmedia":[{"embeddable":true,"href":"https:\/\/ipialesdelsur.com\/en\/wp-json\/wp\/v2\/media\/7592"}],"wp:attachment":[{"href":"https:\/\/ipialesdelsur.com\/en\/wp-json\/wp\/v2\/media?parent=7590"}],"wp:term":[{"taxonomy":"product_cat","embeddable":true,"href":"https:\/\/ipialesdelsur.com\/en\/wp-json\/wp\/v2\/product_cat?post=7590"},{"taxonomy":"product_tag","embeddable":true,"href":"https:\/\/ipialesdelsur.com\/en\/wp-json\/wp\/v2\/product_tag?post=7590"},{"taxonomy":"product_brand","embeddable":true,"href":"https:\/\/ipialesdelsur.com\/en\/wp-json\/wp\/v2\/genre?post=7590"}],"curies":[{"name":"wp","href":"https:\/\/api.w.org\/{rel}","templated":true}]}}