{"id":7672,"date":"2024-08-28T03:21:03","date_gmt":"2024-08-28T03:21:03","guid":{"rendered":"https:\/\/ipialesdelsur.com\/?post_type=product&#038;p=7672"},"modified":"2024-08-28T03:21:23","modified_gmt":"2024-08-28T03:21:23","slug":"camiseta-para-hombre","status":"publish","type":"product","link":"https:\/\/ipialesdelsur.com\/en\/product\/camiseta-para-hombre\/","title":{"rendered":"Camiseta para hombre"},"content":{"rendered":"<p>Esta camiseta de hombre es perfecta para el uso diario. Fabricada con 100% algod\u00f3n de alta calidad, ofrece comodidad y transpirabilidad. Su dise\u00f1o cl\u00e1sico incluye un ajuste relajado, cuello redondo y costuras reforzadas para mayor durabilidad. Disponible en varios colores, es ideal para combinar con tus jeans o shorts favoritos.<\/p>","protected":false},"excerpt":{"rendered":"<p>Camiseta para hombre en toda talla y color<\/p>","protected":false},"featured_media":7677,"comment_status":"open","ping_status":"closed","template":"","meta":[],"product_cat":[86],"product_tag":[],"genre":[],"class_list":{"0":"post-7672","1":"product","2":"type-product","3":"status-publish","4":"has-post-thumbnail","6":"product_cat-camisetas","8":"first","9":"instock","10":"sale","11":"shipping-taxable","12":"purchasable","13":"product-type-simple","14":"add-to-wishlist-after_add_to_cart"},"jetpack_sharing_enabled":true,"_links":{"self":[{"href":"https:\/\/ipialesdelsur.com\/en\/wp-json\/wp\/v2\/product\/7672","targetHints":{"allow":["GET"]}}],"collection":[{"href":"https:\/\/ipialesdelsur.com\/en\/wp-json\/wp\/v2\/product"}],"about":[{"href":"https:\/\/ipialesdelsur.com\/en\/wp-json\/wp\/v2\/types\/product"}],"replies":[{"embeddable":true,"href":"https:\/\/ipialesdelsur.com\/en\/wp-json\/wp\/v2\/comments?post=7672"}],"version-history":[{"count":0,"href":"https:\/\/ipialesdelsur.com\/en\/wp-json\/wp\/v2\/product\/7672\/revisions"}],"wp:featuredmedia":[{"embeddable":true,"href":"https:\/\/ipialesdelsur.com\/en\/wp-json\/wp\/v2\/media\/7677"}],"wp:attachment":[{"href":"https:\/\/ipialesdelsur.com\/en\/wp-json\/wp\/v2\/media?parent=7672"}],"wp:term":[{"taxonomy":"product_cat","embeddable":true,"href":"https:\/\/ipialesdelsur.com\/en\/wp-json\/wp\/v2\/product_cat?post=7672"},{"taxonomy":"product_tag","embeddable":true,"href":"https:\/\/ipialesdelsur.com\/en\/wp-json\/wp\/v2\/product_tag?post=7672"},{"taxonomy":"product_brand","embeddable":true,"href":"https:\/\/ipialesdelsur.com\/en\/wp-json\/wp\/v2\/genre?post=7672"}],"curies":[{"name":"wp","href":"https:\/\/api.w.org\/{rel}","templated":true}]}}