{"id":7889,"date":"2024-08-28T05:16:40","date_gmt":"2024-08-28T05:16:40","guid":{"rendered":"https:\/\/ipialesdelsur.com\/?post_type=product&#038;p=7889"},"modified":"2024-08-28T05:18:23","modified_gmt":"2024-08-28T05:18:23","slug":"bloqueador","status":"publish","type":"product","link":"https:\/\/ipialesdelsur.com\/en\/product\/bloqueador\/","title":{"rendered":"Bloqueador"},"content":{"rendered":"<p>La m\u00e1xima protecci\u00f3n contra rayos UVA que causan envejecimiento y manchas. Protecci\u00f3n contra la Luz Azul causante de arrugas e hiperpigmentaci\u00f3n. Protecci\u00f3n contra los rayos Infrarrojos que da\u00f1an las c\u00e9lulas de la piel.<\/p>","protected":false},"excerpt":{"rendered":"<p>Variedad de bloqueadores<\/p>","protected":false},"featured_media":7322,"comment_status":"open","ping_status":"closed","template":"","meta":[],"product_cat":[36],"product_tag":[],"genre":[],"class_list":{"0":"post-7889","1":"product","2":"type-product","3":"status-publish","4":"has-post-thumbnail","6":"product_cat-general","8":"first","9":"instock","10":"shipping-taxable","11":"purchasable","12":"product-type-simple","13":"add-to-wishlist-after_add_to_cart"},"jetpack_sharing_enabled":true,"_links":{"self":[{"href":"https:\/\/ipialesdelsur.com\/en\/wp-json\/wp\/v2\/product\/7889","targetHints":{"allow":["GET"]}}],"collection":[{"href":"https:\/\/ipialesdelsur.com\/en\/wp-json\/wp\/v2\/product"}],"about":[{"href":"https:\/\/ipialesdelsur.com\/en\/wp-json\/wp\/v2\/types\/product"}],"replies":[{"embeddable":true,"href":"https:\/\/ipialesdelsur.com\/en\/wp-json\/wp\/v2\/comments?post=7889"}],"version-history":[{"count":0,"href":"https:\/\/ipialesdelsur.com\/en\/wp-json\/wp\/v2\/product\/7889\/revisions"}],"wp:featuredmedia":[{"embeddable":true,"href":"https:\/\/ipialesdelsur.com\/en\/wp-json\/wp\/v2\/media\/7322"}],"wp:attachment":[{"href":"https:\/\/ipialesdelsur.com\/en\/wp-json\/wp\/v2\/media?parent=7889"}],"wp:term":[{"taxonomy":"product_cat","embeddable":true,"href":"https:\/\/ipialesdelsur.com\/en\/wp-json\/wp\/v2\/product_cat?post=7889"},{"taxonomy":"product_tag","embeddable":true,"href":"https:\/\/ipialesdelsur.com\/en\/wp-json\/wp\/v2\/product_tag?post=7889"},{"taxonomy":"product_brand","embeddable":true,"href":"https:\/\/ipialesdelsur.com\/en\/wp-json\/wp\/v2\/genre?post=7889"}],"curies":[{"name":"wp","href":"https:\/\/api.w.org\/{rel}","templated":true}]}}