{"id":8963,"date":"2024-09-05T23:43:38","date_gmt":"2024-09-05T23:43:38","guid":{"rendered":"https:\/\/ipialesdelsur.com\/?post_type=product&#038;p=8963"},"modified":"2024-09-06T00:01:37","modified_gmt":"2024-09-06T00:01:37","slug":"short-jean","status":"publish","type":"product","link":"https:\/\/ipialesdelsur.com\/en\/product\/short-jean\/","title":{"rendered":"Short Jean"},"content":{"rendered":"<div class=\"flex-shrink-0 flex flex-col relative items-end\">\n<div>\n<div class=\"pt-0\">\n<div class=\"gizmo-bot-avatar flex h-8 w-8 items-center justify-center overflow-hidden rounded-full\">\n<div class=\"relative p-1 rounded-sm flex items-center justify-center bg-token-main-surface-primary text-token-text-primary h-8 w-8\">En La Esquina del Jean, nos enorgullecemos de ofrecer piezas \u00fanicas que combinan las \u00faltimas tendencias con un estilo cl\u00e1sico y atemporal. Nuestras prendas est\u00e1n dise\u00f1adas para adaptarse a tu estilo de vida moderno, brindando comodidad, funcionalidad y durabilidad. Cada pieza es cuidadosamente confeccionada para ofrecer un look fresco y aut\u00e9ntico, manteniendo siempre la versatilidad que aporta, ideal tanto para ocasiones casuales como para momentos m\u00e1s especiales. Con nosotros, siempre lucir\u00e1s a la moda, confiando en la calidad y elegancia que ofrecemos.<\/div>\n<\/div>\n<\/div>\n<\/div>\n<\/div>\n<div class=\"group\/conversation-turn relative flex w-full min-w-0 flex-col agent-turn\">\n<div class=\"flex-col gap-1 md:gap-3\">\n<div class=\"flex max-w-full flex-col flex-grow\">\n<div class=\"min-h-[20px] text-message flex w-full flex-col items-end gap-2 break-words [.text-message+&amp;]:mt-5 overflow-x-auto whitespace-normal\" dir=\"auto\" data-message-author-role=\"assistant\" data-message-id=\"8f7b47d0-471d-4b0a-ace3-ae7d39c2f39d\">\n<div class=\"flex w-full flex-col gap-1 empty:hidden first:pt-[3px]\">\n<div class=\"markdown prose w-full break-words dark:prose-invert dark\">\n<p>&nbsp;<\/p>\n<p>&nbsp;<\/p>\n<\/div>\n<\/div>\n<\/div>\n<\/div>\n<\/div>\n<\/div>","protected":false},"excerpt":{"rendered":"<p>En la &#8220;Esquina del Jean&#8221;, nos especializamos en ofrecer una cuidada selecci\u00f3n, nuestra colecci\u00f3n incluye desde shorts de jean modernos y vers\u00e1tiles, ideales para los d\u00edas m\u00e1s relajados o para un look casual y fresco, que combinan con cualquier ocasi\u00f3n. Cada pieza es creada con materiales de alta calidad, asegurando no solo una apariencia impecable, sino tambi\u00e9n la durabilidad que caracteriza a el jean.<\/p>","protected":false},"featured_media":8986,"comment_status":"open","ping_status":"closed","template":"","meta":[],"product_cat":[97],"product_tag":[],"genre":[],"class_list":{"0":"post-8963","1":"product","2":"type-product","3":"status-publish","4":"has-post-thumbnail","6":"product_cat-jeans","8":"first","9":"instock","10":"sale","11":"shipping-taxable","12":"purchasable","13":"product-type-simple","14":"add-to-wishlist-after_add_to_cart"},"jetpack_sharing_enabled":true,"_links":{"self":[{"href":"https:\/\/ipialesdelsur.com\/en\/wp-json\/wp\/v2\/product\/8963","targetHints":{"allow":["GET"]}}],"collection":[{"href":"https:\/\/ipialesdelsur.com\/en\/wp-json\/wp\/v2\/product"}],"about":[{"href":"https:\/\/ipialesdelsur.com\/en\/wp-json\/wp\/v2\/types\/product"}],"replies":[{"embeddable":true,"href":"https:\/\/ipialesdelsur.com\/en\/wp-json\/wp\/v2\/comments?post=8963"}],"version-history":[{"count":0,"href":"https:\/\/ipialesdelsur.com\/en\/wp-json\/wp\/v2\/product\/8963\/revisions"}],"wp:featuredmedia":[{"embeddable":true,"href":"https:\/\/ipialesdelsur.com\/en\/wp-json\/wp\/v2\/media\/8986"}],"wp:attachment":[{"href":"https:\/\/ipialesdelsur.com\/en\/wp-json\/wp\/v2\/media?parent=8963"}],"wp:term":[{"taxonomy":"product_cat","embeddable":true,"href":"https:\/\/ipialesdelsur.com\/en\/wp-json\/wp\/v2\/product_cat?post=8963"},{"taxonomy":"product_tag","embeddable":true,"href":"https:\/\/ipialesdelsur.com\/en\/wp-json\/wp\/v2\/product_tag?post=8963"},{"taxonomy":"product_brand","embeddable":true,"href":"https:\/\/ipialesdelsur.com\/en\/wp-json\/wp\/v2\/genre?post=8963"}],"curies":[{"name":"wp","href":"https:\/\/api.w.org\/{rel}","templated":true}]}}